{"id":4415,"date":"2024-10-17T15:01:54","date_gmt":"2024-10-17T12:01:54","guid":{"rendered":"https:\/\/focusoyuncak.com\/?post_type=product&#038;p=4415"},"modified":"2024-10-17T15:02:10","modified_gmt":"2024-10-17T12:02:10","slug":"super-bardaklar-renkli-bardak-eslestirme-oyunu","status":"publish","type":"product","link":"https:\/\/focusoyuncak.com\/en\/general\/super-bardaklar-renkli-bardak-eslestirme-oyunu\/","title":{"rendered":"S\u00fcper Bardaklar Renkli Bardak E\u015fle\u015ftirme Oyunu"},"content":{"rendered":"<h3 style=\"color: red;\">Kutu \u0130\u00e7eri\u011fi<\/h3>\n<ul>\n<li>30 bardak (Sar\u0131, K\u0131rm\u0131z\u0131, Ye\u015fil, Mavi, Siyah)<\/li>\n<li>1 adet zil<\/li>\n<li>55 adet resimli g\u00f6rev kart\u0131<\/li>\n<\/ul>\n","protected":false},"excerpt":{"rendered":"<h3 style=\"color: red;\">Kutu \u0130\u00e7eri\u011fi<\/h3>\n<ul>\n<li>30 bardak (Sar\u0131, K\u0131rm\u0131z\u0131, Ye\u015fil, Mavi, Siyah)<\/li>\n<li>1 adet zil<\/li>\n<li>55 adet resimli g\u00f6rev kart\u0131<\/li>\n<\/ul>\n","protected":false},"featured_media":4028,"comment_status":"open","ping_status":"closed","template":"","meta":[],"product_brand":[],"product_cat":[62],"product_tag":[],"class_list":{"0":"post-4415","1":"product","2":"type-product","3":"status-publish","4":"has-post-thumbnail","6":"product_cat-general","8":"first","9":"instock","10":"shipping-taxable","11":"product-type-simple"},"_links":{"self":[{"href":"https:\/\/focusoyuncak.com\/en\/wp-json\/wp\/v2\/product\/4415","targetHints":{"allow":["GET"]}}],"collection":[{"href":"https:\/\/focusoyuncak.com\/en\/wp-json\/wp\/v2\/product"}],"about":[{"href":"https:\/\/focusoyuncak.com\/en\/wp-json\/wp\/v2\/types\/product"}],"replies":[{"embeddable":true,"href":"https:\/\/focusoyuncak.com\/en\/wp-json\/wp\/v2\/comments?post=4415"}],"wp:featuredmedia":[{"embeddable":true,"href":"https:\/\/focusoyuncak.com\/en\/wp-json\/wp\/v2\/media\/4028"}],"wp:attachment":[{"href":"https:\/\/focusoyuncak.com\/en\/wp-json\/wp\/v2\/media?parent=4415"}],"wp:term":[{"taxonomy":"product_brand","embeddable":true,"href":"https:\/\/focusoyuncak.com\/en\/wp-json\/wp\/v2\/product_brand?post=4415"},{"taxonomy":"product_cat","embeddable":true,"href":"https:\/\/focusoyuncak.com\/en\/wp-json\/wp\/v2\/product_cat?post=4415"},{"taxonomy":"product_tag","embeddable":true,"href":"https:\/\/focusoyuncak.com\/en\/wp-json\/wp\/v2\/product_tag?post=4415"}],"curies":[{"name":"wp","href":"https:\/\/api.w.org\/{rel}","templated":true}]}}