{"id":4416,"date":"2024-10-17T15:04:25","date_gmt":"2024-10-17T12:04:25","guid":{"rendered":"https:\/\/focusoyuncak.com\/?post_type=product&#038;p=4416"},"modified":"2024-10-17T15:04:25","modified_gmt":"2024-10-17T12:04:25","slug":"mozaik-mantar-renkli-parcalari-yerlestirme-oyunu","status":"publish","type":"product","link":"https:\/\/focusoyuncak.com\/en\/general\/mozaik-mantar-renkli-parcalari-yerlestirme-oyunu\/","title":{"rendered":"Mozaik Mantar Renkli Par\u00e7alar\u0131 Yerle\u015ftirme Oyunu"},"content":{"rendered":"","protected":false},"excerpt":{"rendered":"","protected":false},"featured_media":4292,"comment_status":"open","ping_status":"closed","template":"","meta":[],"product_brand":[],"product_cat":[62],"product_tag":[],"class_list":{"0":"post-4416","1":"product","2":"type-product","3":"status-publish","4":"has-post-thumbnail","6":"product_cat-general","8":"first","9":"instock","10":"shipping-taxable","11":"product-type-simple"},"_links":{"self":[{"href":"https:\/\/focusoyuncak.com\/en\/wp-json\/wp\/v2\/product\/4416","targetHints":{"allow":["GET"]}}],"collection":[{"href":"https:\/\/focusoyuncak.com\/en\/wp-json\/wp\/v2\/product"}],"about":[{"href":"https:\/\/focusoyuncak.com\/en\/wp-json\/wp\/v2\/types\/product"}],"replies":[{"embeddable":true,"href":"https:\/\/focusoyuncak.com\/en\/wp-json\/wp\/v2\/comments?post=4416"}],"wp:featuredmedia":[{"embeddable":true,"href":"https:\/\/focusoyuncak.com\/en\/wp-json\/wp\/v2\/media\/4292"}],"wp:attachment":[{"href":"https:\/\/focusoyuncak.com\/en\/wp-json\/wp\/v2\/media?parent=4416"}],"wp:term":[{"taxonomy":"product_brand","embeddable":true,"href":"https:\/\/focusoyuncak.com\/en\/wp-json\/wp\/v2\/product_brand?post=4416"},{"taxonomy":"product_cat","embeddable":true,"href":"https:\/\/focusoyuncak.com\/en\/wp-json\/wp\/v2\/product_cat?post=4416"},{"taxonomy":"product_tag","embeddable":true,"href":"https:\/\/focusoyuncak.com\/en\/wp-json\/wp\/v2\/product_tag?post=4416"}],"curies":[{"name":"wp","href":"https:\/\/api.w.org\/{rel}","templated":true}]}}