{"id":4417,"date":"2024-10-17T15:05:47","date_gmt":"2024-10-17T12:05:47","guid":{"rendered":"https:\/\/focusoyuncak.com\/?post_type=product&#038;p=4417"},"modified":"2024-10-17T15:09:48","modified_gmt":"2024-10-17T12:09:48","slug":"bead-sequence-holder-minik-boncuklar-egitici-boncuk-dizme-oyunu","status":"publish","type":"product","link":"https:\/\/focusoyuncak.com\/en\/general\/bead-sequence-holder-minik-boncuklar-egitici-boncuk-dizme-oyunu\/","title":{"rendered":"Bead Sequence Holder Minik Boncuklar E\u011fitici Boncuk Dizme Oyunu"},"content":{"rendered":"<h3 style=\"color: red;\">Kutu \u0130\u00e7eri\u011fi<\/h3>\n<ul>\n<li>32 Adet kart<\/li>\n<li>40 Adet 5*8 misket<\/li>\n<li>2 Adet oyun platformu<\/li>\n<li>2 Adet ma\u015fa<\/li>\n<li>2 Adet kase<\/li>\n<\/ul>\n","protected":false},"excerpt":{"rendered":"<h3 style=\"color: red;\">Kutu \u0130\u00e7eri\u011fi<\/h3>\n<ul>\n<li>32 Adet kart<\/li>\n<li>40 Adet 5*8 misket<\/li>\n<li>2 Adet oyun platformu<\/li>\n<li>2 Adet ma\u015fa<\/li>\n<li>2 Adet kase<\/li>\n<\/ul>\n","protected":false},"featured_media":4044,"comment_status":"open","ping_status":"closed","template":"","meta":[],"product_brand":[],"product_cat":[62],"product_tag":[],"class_list":{"0":"post-4417","1":"product","2":"type-product","3":"status-publish","4":"has-post-thumbnail","6":"product_cat-general","8":"first","9":"instock","10":"shipping-taxable","11":"product-type-simple"},"_links":{"self":[{"href":"https:\/\/focusoyuncak.com\/en\/wp-json\/wp\/v2\/product\/4417","targetHints":{"allow":["GET"]}}],"collection":[{"href":"https:\/\/focusoyuncak.com\/en\/wp-json\/wp\/v2\/product"}],"about":[{"href":"https:\/\/focusoyuncak.com\/en\/wp-json\/wp\/v2\/types\/product"}],"replies":[{"embeddable":true,"href":"https:\/\/focusoyuncak.com\/en\/wp-json\/wp\/v2\/comments?post=4417"}],"wp:featuredmedia":[{"embeddable":true,"href":"https:\/\/focusoyuncak.com\/en\/wp-json\/wp\/v2\/media\/4044"}],"wp:attachment":[{"href":"https:\/\/focusoyuncak.com\/en\/wp-json\/wp\/v2\/media?parent=4417"}],"wp:term":[{"taxonomy":"product_brand","embeddable":true,"href":"https:\/\/focusoyuncak.com\/en\/wp-json\/wp\/v2\/product_brand?post=4417"},{"taxonomy":"product_cat","embeddable":true,"href":"https:\/\/focusoyuncak.com\/en\/wp-json\/wp\/v2\/product_cat?post=4417"},{"taxonomy":"product_tag","embeddable":true,"href":"https:\/\/focusoyuncak.com\/en\/wp-json\/wp\/v2\/product_tag?post=4417"}],"curies":[{"name":"wp","href":"https:\/\/api.w.org\/{rel}","templated":true}]}}