{"id":4419,"date":"2024-10-17T15:24:05","date_gmt":"2024-10-17T12:24:05","guid":{"rendered":"https:\/\/focusoyuncak.com\/?post_type=product&#038;p=4419"},"modified":"2024-10-17T15:24:05","modified_gmt":"2024-10-17T12:24:05","slug":"wooden-man-memo-game-cop-adam-ve-cubuk-adam-hafiza-oyunu","status":"publish","type":"product","link":"https:\/\/focusoyuncak.com\/en\/general\/wooden-man-memo-game-cop-adam-ve-cubuk-adam-hafiza-oyunu\/","title":{"rendered":"Wooden Man Memo Game \u00c7\u00f6p Adam ve \u00c7ubuk Adam Haf\u0131za Oyunu"},"content":{"rendered":"<h3 style=\"color: red;\">Kutu \u0130\u00e7eri\u011fi<\/h3>\n<ul>\n<li>35 Adet oyun kart\u0131 (70 Adet g\u00f6rev)<\/li>\n<li>\u00c7\u00f6p adam fig\u00fcr\u00fc<\/li>\n<\/ul>\n<p>Bu adam rahat durmuyor! Kartlara bak ve \u00e7\u00f6p adam\u0131 hareket ettir.<\/p>\n","protected":false},"excerpt":{"rendered":"<h3 style=\"color: red;\">Kutu \u0130\u00e7eri\u011fi<\/h3>\n<ul>\n<li>35 Adet oyun kart\u0131 (70 Adet g\u00f6rev)<\/li>\n<li>\u00c7\u00f6p adam fig\u00fcr\u00fc<\/li>\n<\/ul>\n<p>Bu adam rahat durmuyor! Kartlara bak ve \u00e7\u00f6p adam\u0131 hareket ettir.<\/p>\n","protected":false},"featured_media":4086,"comment_status":"open","ping_status":"closed","template":"","meta":[],"product_brand":[],"product_cat":[62],"product_tag":[],"class_list":{"0":"post-4419","1":"product","2":"type-product","3":"status-publish","4":"has-post-thumbnail","6":"product_cat-general","8":"first","9":"instock","10":"shipping-taxable","11":"product-type-simple"},"_links":{"self":[{"href":"https:\/\/focusoyuncak.com\/en\/wp-json\/wp\/v2\/product\/4419","targetHints":{"allow":["GET"]}}],"collection":[{"href":"https:\/\/focusoyuncak.com\/en\/wp-json\/wp\/v2\/product"}],"about":[{"href":"https:\/\/focusoyuncak.com\/en\/wp-json\/wp\/v2\/types\/product"}],"replies":[{"embeddable":true,"href":"https:\/\/focusoyuncak.com\/en\/wp-json\/wp\/v2\/comments?post=4419"}],"wp:featuredmedia":[{"embeddable":true,"href":"https:\/\/focusoyuncak.com\/en\/wp-json\/wp\/v2\/media\/4086"}],"wp:attachment":[{"href":"https:\/\/focusoyuncak.com\/en\/wp-json\/wp\/v2\/media?parent=4419"}],"wp:term":[{"taxonomy":"product_brand","embeddable":true,"href":"https:\/\/focusoyuncak.com\/en\/wp-json\/wp\/v2\/product_brand?post=4419"},{"taxonomy":"product_cat","embeddable":true,"href":"https:\/\/focusoyuncak.com\/en\/wp-json\/wp\/v2\/product_cat?post=4419"},{"taxonomy":"product_tag","embeddable":true,"href":"https:\/\/focusoyuncak.com\/en\/wp-json\/wp\/v2\/product_tag?post=4419"}],"curies":[{"name":"wp","href":"https:\/\/api.w.org\/{rel}","templated":true}]}}