{"id":4425,"date":"2024-10-17T15:37:19","date_gmt":"2024-10-17T12:37:19","guid":{"rendered":"https:\/\/focusoyuncak.com\/?post_type=product&#038;p=4425"},"modified":"2024-10-17T16:55:51","modified_gmt":"2024-10-17T13:55:51","slug":"stick-trick-top-oyunu","status":"publish","type":"product","link":"https:\/\/focusoyuncak.com\/en\/uncategorized\/stick-trick-top-oyunu\/","title":{"rendered":"Stick Trick Top Oyunu"},"content":{"rendered":"<h3 style=\"color: red;\">Kutu \u0130\u00e7eri\u011fi<\/h3>\n<ul>\n<li>1 Roket gemisi<\/li>\n<li>30 adet bilye<\/li>\n<li>30 adet \u00e7ubuk<\/li>\n<\/ul>\n","protected":false},"excerpt":{"rendered":"<h3 style=\"color: red;\">Kutu \u0130\u00e7eri\u011fi<\/h3>\n<ul>\n<li>1 Roket gemisi<\/li>\n<li>30 adet bilye<\/li>\n<li>30 adet \u00e7ubuk<\/li>\n<\/ul>\n","protected":false},"featured_media":4326,"comment_status":"open","ping_status":"closed","template":"","meta":[],"product_brand":[],"product_cat":[],"product_tag":[],"class_list":{"0":"post-4425","1":"product","2":"type-product","3":"status-publish","4":"has-post-thumbnail","7":"first","8":"instock","9":"shipping-taxable","10":"product-type-simple"},"_links":{"self":[{"href":"https:\/\/focusoyuncak.com\/en\/wp-json\/wp\/v2\/product\/4425","targetHints":{"allow":["GET"]}}],"collection":[{"href":"https:\/\/focusoyuncak.com\/en\/wp-json\/wp\/v2\/product"}],"about":[{"href":"https:\/\/focusoyuncak.com\/en\/wp-json\/wp\/v2\/types\/product"}],"replies":[{"embeddable":true,"href":"https:\/\/focusoyuncak.com\/en\/wp-json\/wp\/v2\/comments?post=4425"}],"wp:featuredmedia":[{"embeddable":true,"href":"https:\/\/focusoyuncak.com\/en\/wp-json\/wp\/v2\/media\/4326"}],"wp:attachment":[{"href":"https:\/\/focusoyuncak.com\/en\/wp-json\/wp\/v2\/media?parent=4425"}],"wp:term":[{"taxonomy":"product_brand","embeddable":true,"href":"https:\/\/focusoyuncak.com\/en\/wp-json\/wp\/v2\/product_brand?post=4425"},{"taxonomy":"product_cat","embeddable":true,"href":"https:\/\/focusoyuncak.com\/en\/wp-json\/wp\/v2\/product_cat?post=4425"},{"taxonomy":"product_tag","embeddable":true,"href":"https:\/\/focusoyuncak.com\/en\/wp-json\/wp\/v2\/product_tag?post=4425"}],"curies":[{"name":"wp","href":"https:\/\/api.w.org\/{rel}","templated":true}]}}